{"id":169,"date":"2013-06-28T15:23:25","date_gmt":"2013-06-28T13:23:25","guid":{"rendered":"http:\/\/www.schach-lernen.de\/blog\/?page_id=169"},"modified":"2022-11-19T09:16:01","modified_gmt":"2022-11-19T08:16:01","slug":"schachbuch","status":"publish","type":"page","link":"https:\/\/www.schach-lernen.de\/blog\/schachbuch\/","title":{"rendered":"Schachbuch"},"content":{"rendered":"<h2><strong>Das leicht verst\u00e4ndliche Schachbuch f\u00fcr den erfolgreichen Einstieg<\/strong><\/h2>\n<h3><strong>Schach lernen \u2013 Schach f\u00fcr Anf\u00e4nger: Grundkenntnisse des Schachspiels schnell und m\u00fchelos erlernen<\/strong><\/h3>\n<p>Mit diesem Buch k\u00f6nnen Sie das Schachspiel schnell und m\u00fchelos erlernen.<br \/>\nDie Grundkenntnisse des Schachspiels werden verst\u00e4ndlich erkl\u00e4rt und mit \u00fcber 150 Abbildungen wird dem Anf\u00e4nger der Einstieg leicht gemacht.<\/p>\n<p>- Das Schachbrett<br \/>\n- Schachbrett \u2013 Bezeichnung der Felder<br \/>\n- Die Grundstellung<br \/>\n- Der Bauer<br \/>\n- Der Turm<br \/>\n- Der Springer<br \/>\n- Der L\u00e4ufer<br \/>\n- Die Dame<br \/>\n- Der K\u00f6nig<br \/>\n- Das Schlagen der Figuren<br \/>\n- Schlagen \/ Sonderregel Bauer<br \/>\n- Das Schlagen en passant<br \/>\n- Umwandlung Bauer<br \/>\n- Die Rochade<br \/>\n- Schach, Matt, Remis, Patt<br \/>\n- Der Wert der Figuren<br \/>\n- Die Notation der Z\u00fcge<br \/>\n- Tipps zur ersten Schachpartie<\/p>\n<p>Taschenbuch: 76 Seiten, 2. Auflage<br \/>\nISBN: 9783738636826<br \/>\nPreis: 6,95 \u20ac [D]<br \/>\nVersandkosten: unversicherter Versand 0,00 \u20ac<\/p>\n<h2><strong>Die Schacher\u00f6ffnung<\/strong><\/h2>\n<h3><strong>Schach lernen - Schach f\u00fcr Anf\u00e4nger - Die Er\u00f6ffnung: Eine allgemeine Einf\u00fchrung wichtiger Er\u00f6ffnungen<\/strong><\/h3>\n<p>Die Er\u00f6ffnung ist der erste Teilbereich einer Schachpartie, es gibt dabei jedoch viele verschiedene Arten von Er\u00f6ffnungen, die zur Auswahl stehen. Es gibt die Offenen, Halboffenen oder Geschlossenen Partien. Sie werden unterschieden, wie man die Figuren bei der Er\u00f6ffnung zieht. Eine allgemeine Einf\u00fchrung wichtiger Er\u00f6ffnung mit mehr als 280 Abbildungen werden in diesem Buch behandelt. Die einzelnen Er\u00f6ffnungen werden bis zum 9. Zug als Abbildung dargestellt.<\/p>\n<p>- Ziele der Schacher\u00f6ffnung<\/p>\n<p>- Die Entwicklung der Figuren<\/p>\n<p>- Matt-Spiele:<br \/>\nNarrenmatt, Sch\u00e4fermatt mit L\u00e4ufer, Sch\u00e4fermatt mit Springer, Seekadetten-Matt, Marschall-Falle<\/p>\n<p>- Offene Spiele:<br \/>\nSpanisch, Italienisch, L\u00e4uferspiel, Vierspringerspiel<\/p>\n<p>- Halboffene Spiele:<br \/>\nSizilianische Verteidigung, Franz\u00f6sische Verteidigung, Pirc-Ufimzew-Verteidigung, Caro-Kann-Verteidigung<\/p>\n<p>- Geschlossene Spiele:<br \/>\nDamengambit, Larsen-System, K\u00f6nigs-Indisch, Holl\u00e4ndisch<\/p>\n<p>Taschenbuch: 116 Seiten, 2. Auflage<br \/>\nISBN: 9783739204475<br \/>\nPreis: 9,95 \u20ac [D]<br \/>\nVersandkosten: unversicherter Versand 0,00 \u20ac<\/p>\n<h1>Das Mittelspiel<\/h1>\n<h3><strong>Schach lernen \u2013 Schach f\u00fcr Anf\u00e4nger - <\/strong>Das Mittelspiel: Wichtige Kombinationen mit Beispielen<\/h3>\n<p>Das Mittelspiel ist der zweite Teilbereich einer Schachpartie. Nach der Entwicklung aller Figuren in der Er\u00f6ffnung, die man vorteilhaft positioniert hat, schlie\u00dft sich nun das Mittelspiel an.<\/p>\n<p>Wie kann man einen Vorteil erreichen? Dazu m\u00fcssen wir einen Plan finden, voraus denken, Strategien entwickeln und Kombinationen finden.<\/p>\n<p>Folgende Kombinationen werden behandelt:<\/p>\n<p>- Die schwachen Felder f2 bzw. f7<\/p>\n<p>- Die Gabel \/ Doppelangriff<\/p>\n<p>- Die Fesselung<\/p>\n<p>- Der Spie\u00df \/ Doppelangriff<\/p>\n<p>- Doppelangriff<\/p>\n<p>- Das Ablenkungsopfer<\/p>\n<p>- Das Hinlenkungsopfer<\/p>\n<p>- Das Beseitigungsopfer<\/p>\n<p>- Der Abzug<\/p>\n<p>- Die \u00dcbermacht<\/p>\n<p>- Die \u00fcberlastete Figur<\/p>\n<p>- Die R\u00e4umung<\/p>\n<p>- Der R\u00f6ntgenangriff<\/p>\n<p>- Die Schw\u00e4chung der Grundreihe<\/p>\n<p>- Der r\u00fcckst\u00e4ndige Bauer<\/p>\n<p>Taschenbuch: 72 Seiten, 2. Auflage<br \/>\nISBN: 9783739204505<br \/>\nPreis: 6,95\u20ac [D]<br \/>\nVersandkosten: unversicherter Versand 0,00 \u20ac<\/p>\n<h1>Das Endspiel<\/h1>\n<div class=\"rte\">\n<h3><strong>Schach lernen \u2013 Schach f\u00fcr Anf\u00e4nger -<\/strong> Das Endspiel: Eine Einf\u00fchrung wichtiger Endspiele mit Beispielen<\/h3>\n<p>Das Endspiel ist der dritte Teilbereich einer Schachpartie. Ich m\u00f6chte mit diesem Buch den Schachanf\u00e4nger in die Materie der Endspiele einf\u00fchren. Die wichtigsten Endspiele werden mit zahlreichen Diagrammen dargestellt. Der Schachanf\u00e4nger soll einen \u00dcberblick \u00fcber die Vielzahl der Endspiele erhalten. Mit mehr als 530 Diagrammen.<\/p>\n<p>- K\u00f6nig gegen K\u00f6nig und<br \/>\nDame<br \/>\nTurm<br \/>\nzwei L\u00e4ufer<br \/>\nSpringer und L\u00e4ufer<br \/>\nBauer<br \/>\nDame und Turm<br \/>\nDame und L\u00e4ufer<br \/>\nDame und Springer<br \/>\nTurm und L\u00e4ufer<br \/>\nTurm und Springer<\/p>\n<p>- Bauer gegen<br \/>\nDame<br \/>\nTurm<br \/>\nL\u00e4ufer<br \/>\nSpringer<\/p>\n<p>- Dame gegen<br \/>\nTurm<br \/>\nL\u00e4ufer<br \/>\nSpringer<\/p>\n<p>- Turm gegen<br \/>\nL\u00e4ufer<br \/>\nSpringer<\/p>\n<\/div>\n<p>Taschenbuch: 128 Seiten, 2. Auflage<br \/>\nISBN: 9783739204512<br \/>\nPreis: 9,95\u20ac [D]<br \/>\nVersandkosten: unversicherter Versand 0,00 \u20ac<\/p>\n<h1>Das Standardwerk. Mit mehr als 1.100 Diagrammen f\u00fcr Anf\u00e4nger<\/h1>\n<h3><strong><span id=\"productTitle\" class=\"a-size-large\">Ein Schachlehrbuch von den Grundregeln \u00fcber die Er\u00f6ffnung, dem Mittelspiel bis zum Endspiel Mit mehr als 1.100 Diagrammen<\/span><\/strong><\/h3>\n<div class=\"rte\">\n<p>Sie wollen die Grundlagen des Schachspiels erlernen? Sie wollen Ihr Spiel verbessern?<\/p>\n<p>Mit diesem Buch lernen Sie die Grundregeln des Schachspiels. Danach geht es weiter mit den verschiedenen Teilbereichen des Schachspiels: \u00dcber die Er\u00f6ffnung, dem Mittelspiel bis zum Endspiel. \u00dcbungen am Ende jeden Kapitels helfen, das Gelernte zu festigen.<\/p>\n<p>Dieses Buch ist hervorragend geeignet f\u00fcr Anf\u00e4nger und f\u00fcr Hobbyspieler, die die Regeln kennen, aber ihr Spiel verbessern wollen. Zum leichteren Verst\u00e4ndnis wird jeder einzelne Zug der Schachfiguren im Diagramm dargestellt.<\/p>\n<p>Mit mehr als 1.100 Diagrammen in diesem leicht verst\u00e4ndlichen Buch kann man das Schachspiel schnell und m\u00fchelos erlernen.<\/p>\n<\/div>\n<p>Taschenbuch: 372 Seiten,<br \/>\nISBN: Softcover: 3738653899<br \/>\nPreis: 19,95 \u20ac [D]<br \/>\nVersandkosten: unversicherter Versand 0,00 \u20ac<\/p>\n<p>ISBN: Hardcover: 3738653899<br \/>\nPreis: 34,95 \u20ac [D]<br \/>\nVersandkosten: unversicherter Versand 0,00 \u20ac<\/p>\n<h2>Bestellung:<\/h2>\n<p>Erh\u00e4ltlich bei:<\/p>\n<p><a title=\"Zum Schachshop: shop.schach-lernen.de\" href=\"https:\/\/www.schach-lernen.de\/shop\/\">https:\/\/www.schach-lernen.de\/shop\/<\/a><\/p>\n","protected":false},"excerpt":{"rendered":"<p>Das leicht verst\u00e4ndliche Schachbuch f\u00fcr den erfolgreichen Einstieg Schach lernen \u2013 Schach f\u00fcr Anf\u00e4nger: Grundkenntnisse des Schachspiels schnell und m\u00fchelos erlernen Mit diesem Buch k\u00f6nnen Sie das Schachspiel schnell und m\u00fchelos erlernen. Die Grundkenntnisse des Schachspiels werden verst\u00e4ndlich erkl\u00e4rt und mit \u00fcber 150 Abbildungen wird dem Anf\u00e4nger der Einstieg leicht gemacht. &#8211; Das Schachbrett &#8211; [&hellip;]<\/p>\n","protected":false},"author":1,"featured_media":0,"parent":0,"menu_order":2,"comment_status":"closed","ping_status":"closed","template":"","meta":[],"psp_head":"<title>Schachbuch \u2013 Blog.schach-lernen.de<\/title>\r\n<meta name=\"description\" content=\"Schachbuch: Schach lernen - Schach f\u00fcr Anf\u00e4nger\" \/>\r\n<meta name=\"robots\" content=\"index,follow\" \/>\r\n<link rel=\"canonical\" href=\"https:\/\/www.schach-lernen.de\/blog\/schachbuch\/\" \/>\r\n","_links":{"self":[{"href":"https:\/\/www.schach-lernen.de\/blog\/wp-json\/wp\/v2\/pages\/169"}],"collection":[{"href":"https:\/\/www.schach-lernen.de\/blog\/wp-json\/wp\/v2\/pages"}],"about":[{"href":"https:\/\/www.schach-lernen.de\/blog\/wp-json\/wp\/v2\/types\/page"}],"author":[{"embeddable":true,"href":"https:\/\/www.schach-lernen.de\/blog\/wp-json\/wp\/v2\/users\/1"}],"replies":[{"embeddable":true,"href":"https:\/\/www.schach-lernen.de\/blog\/wp-json\/wp\/v2\/comments?post=169"}],"version-history":[{"count":34,"href":"https:\/\/www.schach-lernen.de\/blog\/wp-json\/wp\/v2\/pages\/169\/revisions"}],"predecessor-version":[{"id":799,"href":"https:\/\/www.schach-lernen.de\/blog\/wp-json\/wp\/v2\/pages\/169\/revisions\/799"}],"wp:attachment":[{"href":"https:\/\/www.schach-lernen.de\/blog\/wp-json\/wp\/v2\/media?parent=169"}],"curies":[{"name":"wp","href":"https:\/\/api.w.org\/{rel}","templated":true}]}}