{"id":36,"date":"2013-06-24T15:43:38","date_gmt":"2013-06-24T13:43:38","guid":{"rendered":"http:\/\/www.schach-lernen.de\/blog-test\/?page_id=36"},"modified":"2022-11-19T09:14:33","modified_gmt":"2022-11-19T08:14:33","slug":"schachaufgaben","status":"publish","type":"page","link":"https:\/\/www.schach-lernen.de\/blog\/schachaufgaben\/","title":{"rendered":"Schachproblem"},"content":{"rendered":"<h2>Schachproblem des Tages<\/h2>\n<p>L\u00f6sen Sie unsere t\u00e4glich neuen Schachprobleme in drei Schwierigkeiten. Um den L\u00f6sungszug einzugeben, klicken Sie mit der Maus auf die gew\u00fcnschte Figur und ziehen Sie diese auf das Zielfeld. Bei manchen Aufgaben muss eine Zugfolge eingegeben werden.<\/p>\n\n\n<pre class=\"wp-block-code\"><code><a rel=\"noreferrer noopener\" href=\"https:\/\/www.shredderchess.com\/de\/online\/schachproblem-des-tages.html\" target=\"_blank\"><strong>https:\/\/www.shredderchess.com\/de\/online\/schachproblem-des-tages.html<\/strong><\/a><\/code><\/pre>\n\n\n\n<p><\/p>\n","protected":false},"excerpt":{"rendered":"<p>Schachproblem des Tages L\u00f6sen Sie unsere t\u00e4glich neuen Schachprobleme in drei Schwierigkeiten. Um den L\u00f6sungszug einzugeben, klicken Sie mit der Maus auf die gew\u00fcnschte Figur und ziehen Sie diese auf das Zielfeld. Bei manchen Aufgaben muss eine Zugfolge eingegeben werden.<\/p>\n","protected":false},"author":1,"featured_media":0,"parent":0,"menu_order":1,"comment_status":"closed","ping_status":"closed","template":"","meta":[],"psp_head":"<title>Schachproblem \u2013 Blog.schach-lernen.de<\/title>\r\n<meta name=\"description\" content=\"Schachproblem des Tages L\u00f6sen Sie unsere t\u00e4glich neuen Schachprobleme in drei Schwierigkeiten. Um den L\u00f6sungszug einzugeben, klicken Sie mit der Maus auf die gew\u00fcnschte Figur und ziehen Sie diese auf das Zielfeld.\" \/>\r\n<meta name=\"robots\" content=\"index,follow\" \/>\r\n<link rel=\"canonical\" href=\"https:\/\/www.schach-lernen.de\/blog\/schachaufgaben\/\" \/>\r\n","_links":{"self":[{"href":"https:\/\/www.schach-lernen.de\/blog\/wp-json\/wp\/v2\/pages\/36"}],"collection":[{"href":"https:\/\/www.schach-lernen.de\/blog\/wp-json\/wp\/v2\/pages"}],"about":[{"href":"https:\/\/www.schach-lernen.de\/blog\/wp-json\/wp\/v2\/types\/page"}],"author":[{"embeddable":true,"href":"https:\/\/www.schach-lernen.de\/blog\/wp-json\/wp\/v2\/users\/1"}],"replies":[{"embeddable":true,"href":"https:\/\/www.schach-lernen.de\/blog\/wp-json\/wp\/v2\/comments?post=36"}],"version-history":[{"count":20,"href":"https:\/\/www.schach-lernen.de\/blog\/wp-json\/wp\/v2\/pages\/36\/revisions"}],"predecessor-version":[{"id":797,"href":"https:\/\/www.schach-lernen.de\/blog\/wp-json\/wp\/v2\/pages\/36\/revisions\/797"}],"wp:attachment":[{"href":"https:\/\/www.schach-lernen.de\/blog\/wp-json\/wp\/v2\/media?parent=36"}],"curies":[{"name":"wp","href":"https:\/\/api.w.org\/{rel}","templated":true}]}}